{"id":1244,"date":"2025-01-07T14:10:32","date_gmt":"2025-01-07T12:10:32","guid":{"rendered":"https:\/\/www.miravinya.cat\/experience-penedes"},"modified":"2025-01-21T14:55:24","modified_gmt":"2025-01-21T12:55:24","slug":"experience-penedes","status":"publish","type":"page","link":"https:\/\/www.miravinya.cat\/en\/experience-penedes","title":{"rendered":"Experience Pened\u00e8s"},"content":{"rendered":"<p><div class=\"fusion-fullwidth fullwidth-box fusion-builder-row-1 fusion-flex-container has-pattern-background has-mask-background nonhundred-percent-fullwidth non-hundred-percent-height-scrolling\" style=\"--awb-border-radius-top-left:0px;--awb-border-radius-top-right:0px;--awb-border-radius-bottom-right:0px;--awb-border-radius-bottom-left:0px;--awb-margin-top:15px;--awb-flex-wrap:wrap;\" ><div class=\"fusion-builder-row fusion-row fusion-flex-align-items-flex-start fusion-flex-content-wrap\" style=\"max-width:1664px;margin-left: calc(-4% \/ 2 );margin-right: calc(-4% \/ 2 );\"><div class=\"fusion-layout-column fusion_builder_column fusion-builder-column-0 fusion_builder_column_1_1 1_1 fusion-flex-column\" style=\"--awb-bg-size:cover;--awb-width-large:100%;--awb-margin-top-large:0px;--awb-spacing-right-large:1.92%;--awb-margin-bottom-large:20px;--awb-spacing-left-large:1.92%;--awb-width-medium:100%;--awb-order-medium:0;--awb-spacing-right-medium:1.92%;--awb-spacing-left-medium:1.92%;--awb-width-small:100%;--awb-order-small:0;--awb-spacing-right-small:1.92%;--awb-spacing-left-small:1.92%;\"><div class=\"fusion-column-wrapper fusion-column-has-shadow fusion-flex-justify-content-flex-start fusion-content-layout-column\"><div class=\"fusion-title title fusion-title-1 fusion-sep-none fusion-title-text fusion-title-size-one\"><h1 class=\"fusion-title-heading title-heading-left fusion-responsive-typography-calculated\" style=\"margin:0;--fontSize:64;line-height:1.1;\"><\/h1><\/div><div class=\"fusion-title title fusion-title-2 fusion-sep-none fusion-title-center fusion-title-text fusion-title-size-one\" style=\"--awb-margin-top:0px;--awb-margin-bottom:50px;\"><h1 class=\"fusion-title-heading title-heading-center fusion-responsive-typography-calculated\" style=\"margin:0;--fontSize:64;line-height:1.1;\"><p>Continue your discovery<br \/>\nof Pened\u00e8s<\/p><\/h1><\/div><div class=\"fusion-text fusion-text-1\"><p style=\"text-align: center;\">Experience its gastronomy, landscapes <span style=\"color: var(--awb-text-color); font-family: var(--awb-text-font-family); font-size: var(--awb-font-size); font-style: var(--awb-text-font-style); font-weight: var(--awb-text-font-weight); letter-spacing: var(--awb-letter-spacing); text-transform: var(--awb-text-transform); background-color: var(--awb-bg-color-hover);\">and people.<br \/>\n<\/span><span style=\"color: var(--awb-text-color); font-family: var(--awb-text-font-family); font-size: var(--awb-font-size); font-style: var(--awb-text-font-style); font-weight: var(--awb-text-font-weight); letter-spacing: var(--awb-letter-spacing); text-transform: var(--awb-text-transform); background-color: var(--awb-bg-color-hover);\">Click on the links to see your next destination!<\/span><\/p>\n<\/div><\/div><\/div><\/div><\/div><div class=\"fusion-fullwidth fullwidth-box fusion-builder-row-2 fusion-flex-container has-pattern-background has-mask-background mir-botons-mirador nonhundred-percent-fullwidth non-hundred-percent-height-scrolling\" style=\"--awb-border-radius-top-left:0px;--awb-border-radius-top-right:0px;--awb-border-radius-bottom-right:0px;--awb-border-radius-bottom-left:0px;--awb-flex-wrap:wrap;\" ><div class=\"fusion-builder-row fusion-row fusion-flex-align-items-flex-start fusion-flex-content-wrap\" style=\"max-width:1664px;margin-left: calc(-4% \/ 2 );margin-right: calc(-4% \/ 2 );\"><div class=\"fusion-layout-column fusion_builder_column fusion-builder-column-1 fusion_builder_column_1_2 1_2 fusion-flex-column fusion-column-inner-bg-wrapper\" style=\"--awb-padding-top:150px;--awb-padding-bottom:150px;--awb-inner-bg-color:rgba(0,0,0,0.2);--awb-inner-bg-color-hover:rgba(0,0,0,0.2);--awb-inner-bg-image:url(&#039;https:\/\/www.miravinya.cat\/wp-content\/uploads\/2025\/01\/restaurants-1.jpg&#039;);--awb-inner-bg-size:cover;--awb-width-large:50%;--awb-margin-top-large:0px;--awb-spacing-right-large:3.84%;--awb-margin-bottom-large:20px;--awb-spacing-left-large:3.84%;--awb-width-medium:50%;--awb-order-medium:0;--awb-spacing-right-medium:3.84%;--awb-spacing-left-medium:3.84%;--awb-width-small:100%;--awb-order-small:0;--awb-spacing-right-small:1.92%;--awb-spacing-left-small:1.92%;\" data-scroll-devices=\"small-visibility,medium-visibility,large-visibility\"><span class=\"fusion-column-inner-bg hover-type-zoomin\"><a class=\"fusion-column-anchor\" href=\"https:\/\/www.penedesturisme.cat\/en\/wine-route\/restaurants\" rel=\"noopener noreferrer\" target=\"_blank\"><span class=\"fusion-column-inner-bg-image\"><\/span><\/a><\/span><div class=\"fusion-column-wrapper fusion-column-has-shadow fusion-flex-justify-content-flex-start fusion-content-layout-column fusion-column-has-bg-image\" data-bg-url=\"https:\/\/www.miravinya.cat\/wp-content\/uploads\/2025\/01\/restaurants-1.jpg\"><div class=\"fusion-title title fusion-title-3 fusion-sep-none fusion-title-center fusion-title-text fusion-title-size-two\" style=\"--awb-text-color:var(--awb-color1);\"><h2 class=\"fusion-title-heading title-heading-center fusion-responsive-typography-calculated\" style=\"margin:0;--fontSize:44;line-height:var(--awb-typography1-line-height);\">Restaurants<\/h2><\/div><\/div><\/div><div class=\"fusion-layout-column fusion_builder_column fusion-builder-column-2 fusion_builder_column_1_2 1_2 fusion-flex-column fusion-column-inner-bg-wrapper\" style=\"--awb-padding-top:150px;--awb-padding-bottom:150px;--awb-inner-bg-image:url(&#039;https:\/\/www.miravinya.cat\/wp-content\/uploads\/2025\/01\/rutes_singulars.jpg&#039;);--awb-inner-bg-size:cover;--awb-width-large:50%;--awb-margin-top-large:0px;--awb-spacing-right-large:3.84%;--awb-margin-bottom-large:20px;--awb-spacing-left-large:3.84%;--awb-width-medium:50%;--awb-order-medium:0;--awb-spacing-right-medium:3.84%;--awb-spacing-left-medium:3.84%;--awb-width-small:100%;--awb-order-small:0;--awb-spacing-right-small:1.92%;--awb-spacing-left-small:1.92%;\" data-scroll-devices=\"small-visibility,medium-visibility,large-visibility\"><span class=\"fusion-column-inner-bg hover-type-zoomin\"><a class=\"fusion-column-anchor\" href=\"https:\/\/www.penedesturisme.cat\/en\/singular-routes\" rel=\"noopener noreferrer\" target=\"_blank\"><span class=\"fusion-column-inner-bg-image\"><\/span><\/a><\/span><div class=\"fusion-column-wrapper fusion-column-has-shadow fusion-flex-justify-content-flex-start fusion-content-layout-column fusion-column-has-bg-image\" data-bg-url=\"https:\/\/www.miravinya.cat\/wp-content\/uploads\/2025\/01\/rutes_singulars.jpg\"><div class=\"fusion-title title fusion-title-4 fusion-sep-none fusion-title-center fusion-title-text fusion-title-size-two\" style=\"--awb-text-color:var(--awb-color1);\"><h2 class=\"fusion-title-heading title-heading-center fusion-responsive-typography-calculated\" style=\"margin:0;--fontSize:44;line-height:var(--awb-typography1-line-height);\">Singular routes<\/h2><\/div><\/div><\/div><div class=\"fusion-layout-column fusion_builder_column fusion-builder-column-3 fusion_builder_column_1_2 1_2 fusion-flex-column fusion-column-inner-bg-wrapper\" style=\"--awb-padding-top:150px;--awb-padding-bottom:150px;--awb-inner-bg-color:rgba(0,0,0,0.2);--awb-inner-bg-color-hover:rgba(0,0,0,0.2);--awb-inner-bg-image:url(&#039;https:\/\/www.miravinya.cat\/wp-content\/uploads\/2025\/01\/ruta_vi_penedes-1.jpg&#039;);--awb-inner-bg-size:cover;--awb-width-large:50%;--awb-margin-top-large:0px;--awb-spacing-right-large:3.84%;--awb-margin-bottom-large:20px;--awb-spacing-left-large:3.84%;--awb-width-medium:50%;--awb-order-medium:0;--awb-spacing-right-medium:3.84%;--awb-spacing-left-medium:3.84%;--awb-width-small:100%;--awb-order-small:0;--awb-spacing-right-small:1.92%;--awb-spacing-left-small:1.92%;\" data-scroll-devices=\"small-visibility,medium-visibility,large-visibility\"><span class=\"fusion-column-inner-bg hover-type-zoomin\"><a class=\"fusion-column-anchor\" href=\"https:\/\/www.penedesturisme.cat\/en\/penedes-wine-route\" rel=\"noopener noreferrer\" target=\"_blank\"><span class=\"fusion-column-inner-bg-image\"><\/span><\/a><\/span><div class=\"fusion-column-wrapper fusion-column-has-shadow fusion-flex-justify-content-flex-start fusion-content-layout-column fusion-column-has-bg-image\" data-bg-url=\"https:\/\/www.miravinya.cat\/wp-content\/uploads\/2025\/01\/ruta_vi_penedes-1.jpg\"><div class=\"fusion-title title fusion-title-5 fusion-sep-none fusion-title-center fusion-title-text fusion-title-size-two\" style=\"--awb-text-color:var(--awb-color1);\"><h2 class=\"fusion-title-heading title-heading-center fusion-responsive-typography-calculated\" style=\"margin:0;--fontSize:44;line-height:var(--awb-typography1-line-height);\">Pened\u00e8s wine route<\/h2><\/div><\/div><\/div><div class=\"fusion-layout-column fusion_builder_column fusion-builder-column-4 fusion_builder_column_1_2 1_2 fusion-flex-column fusion-column-inner-bg-wrapper\" style=\"--awb-padding-top:150px;--awb-padding-bottom:150px;--awb-inner-bg-image:url(&#039;https:\/\/www.miravinya.cat\/wp-content\/uploads\/2025\/01\/castellot.jpg&#039;);--awb-inner-bg-size:cover;--awb-width-large:50%;--awb-margin-top-large:0px;--awb-spacing-right-large:3.84%;--awb-margin-bottom-large:20px;--awb-spacing-left-large:3.84%;--awb-width-medium:50%;--awb-order-medium:0;--awb-spacing-right-medium:3.84%;--awb-spacing-left-medium:3.84%;--awb-width-small:100%;--awb-order-small:0;--awb-spacing-right-small:1.92%;--awb-spacing-left-small:1.92%;\" data-scroll-devices=\"small-visibility,medium-visibility,large-visibility\"><span class=\"fusion-column-inner-bg hover-type-zoomin\"><a class=\"fusion-column-anchor\" href=\"https:\/\/www.penedesturisme.cat\/en\/agenda\" rel=\"noopener noreferrer\" target=\"_blank\"><span class=\"fusion-column-inner-bg-image\"><\/span><\/a><\/span><div class=\"fusion-column-wrapper fusion-column-has-shadow fusion-flex-justify-content-flex-start fusion-content-layout-column fusion-column-has-bg-image\" data-bg-url=\"https:\/\/www.miravinya.cat\/wp-content\/uploads\/2025\/01\/castellot.jpg\"><div class=\"fusion-title title fusion-title-6 fusion-sep-none fusion-title-center fusion-title-text fusion-title-size-two\" style=\"--awb-text-color:var(--awb-color1);\"><h2 class=\"fusion-title-heading title-heading-center fusion-responsive-typography-calculated\" style=\"margin:0;--fontSize:44;line-height:var(--awb-typography1-line-height);\">Agenda<\/h2><\/div><\/div><\/div><\/div><\/div><div class=\"fusion-fullwidth fullwidth-box fusion-builder-row-3 fusion-flex-container has-pattern-background has-mask-background nonhundred-percent-fullwidth non-hundred-percent-height-scrolling\" style=\"--awb-border-radius-top-left:0px;--awb-border-radius-top-right:0px;--awb-border-radius-bottom-right:0px;--awb-border-radius-bottom-left:0px;--awb-flex-wrap:wrap;\" ><div class=\"fusion-builder-row fusion-row fusion-flex-align-items-flex-start fusion-flex-content-wrap\" style=\"max-width:1664px;margin-left: calc(-4% \/ 2 );margin-right: calc(-4% \/ 2 );\"><div class=\"fusion-layout-column fusion_builder_column fusion-builder-column-5 fusion_builder_column_1_1 1_1 fusion-flex-column\" style=\"--awb-bg-size:cover;--awb-width-large:100%;--awb-margin-top-large:0px;--awb-spacing-right-large:1.92%;--awb-margin-bottom-large:20px;--awb-spacing-left-large:1.92%;--awb-width-medium:100%;--awb-order-medium:0;--awb-spacing-right-medium:1.92%;--awb-spacing-left-medium:1.92%;--awb-width-small:100%;--awb-order-small:0;--awb-spacing-right-small:1.92%;--awb-spacing-left-small:1.92%;\"><div class=\"fusion-column-wrapper fusion-column-has-shadow fusion-flex-justify-content-flex-start fusion-content-layout-column\"><div class=\"fusion-title title fusion-title-7 fusion-sep-none fusion-title-center fusion-title-text fusion-title-size-one\" style=\"--awb-margin-top:50px;--awb-margin-bottom:50px;\"><h1 class=\"fusion-title-heading title-heading-center fusion-responsive-typography-calculated\" style=\"margin:0;--fontSize:64;line-height:1.1;\"><p style=\"text-align: center;\">How to get there<\/p><\/h1><\/div><div class=\"fusion-text fusion-text-2\"><p class=\"p1\" style=\"text-align: center;\">Only 40 minutes from Barcelona and Tarragona.<\/p>\n<\/div><\/div><\/div><\/div><\/div><div class=\"fusion-fullwidth fullwidth-box fusion-builder-row-4 fusion-flex-container has-pattern-background has-mask-background nonhundred-percent-fullwidth non-hundred-percent-height-scrolling\" style=\"--awb-border-radius-top-left:0px;--awb-border-radius-top-right:0px;--awb-border-radius-bottom-right:0px;--awb-border-radius-bottom-left:0px;--awb-flex-wrap:wrap;\" ><div class=\"fusion-builder-row fusion-row fusion-flex-align-items-flex-start fusion-flex-content-wrap\" style=\"max-width:1664px;margin-left: calc(-4% \/ 2 );margin-right: calc(-4% \/ 2 );\"><div class=\"fusion-layout-column fusion_builder_column fusion-builder-column-6 fusion_builder_column_1_2 1_2 fusion-flex-column\" style=\"--awb-bg-size:cover;--awb-width-large:50%;--awb-margin-top-large:0px;--awb-spacing-right-large:3.84%;--awb-margin-bottom-large:20px;--awb-spacing-left-large:3.84%;--awb-width-medium:50%;--awb-order-medium:0;--awb-spacing-right-medium:3.84%;--awb-spacing-left-medium:3.84%;--awb-width-small:100%;--awb-order-small:0;--awb-spacing-right-small:1.92%;--awb-spacing-left-small:1.92%;\"><div class=\"fusion-column-wrapper fusion-column-has-shadow fusion-flex-justify-content-flex-start fusion-content-layout-column\"><div class=\"fusion-text fusion-text-3 fusion-text-no-margin\" style=\"--awb-margin-bottom:50px;\"><p><a href=\"https:\/\/www.miravinya.cat\/wp-content\/uploads\/2025\/01\/avio.svg\"><img decoding=\"async\" class=\"wp-image-473 alignnone\" src=\"https:\/\/www.miravinya.cat\/wp-content\/uploads\/2025\/01\/avio.svg\" alt=\"\" width=\"120\" \/><\/a><\/p>\n<h3><strong>Airport<\/strong><\/h3>\n<h6>Barcelona \/ Reus \/ Lleida \/ Girona.<\/h6>\n<\/div><div class=\"fusion-text fusion-text-4\"><p><img decoding=\"async\" class=\"wp-image-473 alignnone\" src=\"https:\/\/www.miravinya.cat\/wp-content\/uploads\/2025\/01\/cotxe.svg\" alt=\"\" width=\"120\" \/><\/p>\n<h3>Road<\/h3>\n<h6>Road N-340 Barcelona &#8211; Val\u00e8ncia. AP7 La Jonquera &#8211; Barcelona &#8211; Tarragona C-244. C-15 Vilanova i la Geltr\u00fa &#8211; Vilafranca del Pened\u00e8s &#8211; Igualada &#8211; Manresa.<\/h6>\n<\/div><\/div><\/div><div class=\"fusion-layout-column fusion_builder_column fusion-builder-column-7 fusion_builder_column_1_2 1_2 fusion-flex-column\" style=\"--awb-bg-size:cover;--awb-width-large:50%;--awb-margin-top-large:0px;--awb-spacing-right-large:3.84%;--awb-margin-bottom-large:20px;--awb-spacing-left-large:3.84%;--awb-width-medium:50%;--awb-order-medium:0;--awb-spacing-right-medium:3.84%;--awb-spacing-left-medium:3.84%;--awb-width-small:100%;--awb-order-small:0;--awb-spacing-right-small:1.92%;--awb-spacing-left-small:1.92%;\"><div class=\"fusion-column-wrapper fusion-column-has-shadow fusion-flex-justify-content-flex-start fusion-content-layout-column\"><div class=\"fusion-text fusion-text-5 fusion-text-no-margin\" style=\"--awb-margin-bottom:50px;\"><p><img decoding=\"async\" class=\"wp-image-473 alignnone\" src=\"https:\/\/www.miravinya.cat\/wp-content\/uploads\/2025\/01\/tren.svg\" alt=\"\" width=\"120\" \/><\/p>\n<h3><strong>Train<\/strong><\/h3>\n<h6>AVE Barcelona \/ Tarragona \/ Lleida \/ Girona. R4 Sant Vicen\u00e7 de Calders \/ Vilafranca del Pened\u00e8s &gt; Manresa. R2 Sant Vicen\u00e7 de Calders \/ Vilanova i la Geltr\u00fa &gt; Ma\u00e7anet &#8211; Massanes.<\/h6>\n<\/div><div class=\"fusion-text fusion-text-6 fusion-text-no-margin\" style=\"--awb-margin-bottom:50px;\"><p><img decoding=\"async\" class=\"wp-image-476 alignnone\" src=\"https:\/\/www.miravinya.cat\/wp-content\/uploads\/2025\/01\/com_arribar.svg\" alt=\"\" width=\"120\" \/><\/p>\n<h3><strong>How to get there<\/strong><\/h3>\n<h6>Click on the link to Google Maps and start your adventure!<\/h6>\n<h6 class=\"p1\"><strong><a href=\"https:\/\/www.google.com\/maps\/dir\/\/Consorci+de+Promoci%C3%B3+tur%C3%ADstica+del+Pened%C3%A8s+-+PENED%C3%88S+TURISME+Carrer+de+Sant+Bernat,+16+08720+Vilafranca+del+Pened%C3%A8s+Barcelona\/@41.3461586,1.6964459,16z\/data=!4m5!4m4!1m0!1m2!1m1!1s0x12a4798b2742ef25:0xecb8852ee23de5dd\" target=\"_blank\" rel=\"noopener\">&gt; Take me there<\/a><\/strong><\/h6>\n<\/div><\/div><\/div><\/div><\/div><\/p>\n","protected":false},"excerpt":{"rendered":"","protected":false},"author":1,"featured_media":0,"parent":0,"menu_order":0,"comment_status":"closed","ping_status":"closed","template":"","meta":{"footnotes":""},"class_list":["post-1244","page","type-page","status-publish","hentry"],"acf":[],"yoast_head":"<!-- This site is optimized with the Yoast SEO plugin v24.5 - https:\/\/yoast.com\/wordpress\/plugins\/seo\/ -->\n<title>Experience Pened\u00e8s - Miravinya<\/title>\n<meta name=\"robots\" content=\"index, follow, max-snippet:-1, max-image-preview:large, max-video-preview:-1\" \/>\n<link rel=\"canonical\" href=\"https:\/\/www.miravinya.cat\/viu-el-penedes\" \/>\n<meta property=\"og:locale\" content=\"en_US\" \/>\n<meta property=\"og:type\" content=\"article\" \/>\n<meta property=\"og:title\" content=\"Experience Pened\u00e8s - Miravinya\" \/>\n<meta property=\"og:url\" content=\"https:\/\/www.miravinya.cat\/viu-el-penedes\" \/>\n<meta property=\"og:site_name\" content=\"Miravinya\" \/>\n<meta property=\"article:publisher\" content=\"https:\/\/www.facebook.com\/penedesturisme\/\" \/>\n<meta property=\"article:modified_time\" content=\"2025-01-21T12:55:24+00:00\" \/>\n<meta property=\"og:image\" content=\"https:\/\/www.miravinya.cat\/wp-content\/uploads\/2025\/01\/avio.svg\" \/>\n<meta name=\"twitter:card\" content=\"summary_large_image\" \/>\n<meta name=\"twitter:site\" content=\"@penedesturisme\" \/>\n<meta name=\"twitter:label1\" content=\"Est. reading time\" \/>\n\t<meta name=\"twitter:data1\" content=\"28 minutes\" \/>\n<script type=\"application\/ld+json\" class=\"yoast-schema-graph\">{\"@context\":\"https:\/\/schema.org\",\"@graph\":[{\"@type\":\"WebPage\",\"@id\":\"https:\/\/www.miravinya.cat\/viu-el-penedes\",\"url\":\"https:\/\/www.miravinya.cat\/viu-el-penedes\",\"name\":\"Experience Pened\u00e8s - Miravinya\",\"isPartOf\":{\"@id\":\"https:\/\/www.miravinya.cat\/#website\"},\"primaryImageOfPage\":{\"@id\":\"https:\/\/www.miravinya.cat\/viu-el-penedes#primaryimage\"},\"image\":{\"@id\":\"https:\/\/www.miravinya.cat\/viu-el-penedes#primaryimage\"},\"thumbnailUrl\":\"https:\/\/www.miravinya.cat\/wp-content\/uploads\/2025\/01\/avio.svg\",\"datePublished\":\"2025-01-07T12:10:32+00:00\",\"dateModified\":\"2025-01-21T12:55:24+00:00\",\"breadcrumb\":{\"@id\":\"https:\/\/www.miravinya.cat\/viu-el-penedes#breadcrumb\"},\"inLanguage\":\"en-US\",\"potentialAction\":[{\"@type\":\"ReadAction\",\"target\":[\"https:\/\/www.miravinya.cat\/viu-el-penedes\"]}]},{\"@type\":\"ImageObject\",\"inLanguage\":\"en-US\",\"@id\":\"https:\/\/www.miravinya.cat\/viu-el-penedes#primaryimage\",\"url\":\"https:\/\/www.miravinya.cat\/wp-content\/uploads\/2025\/01\/avio.svg\",\"contentUrl\":\"https:\/\/www.miravinya.cat\/wp-content\/uploads\/2025\/01\/avio.svg\"},{\"@type\":\"BreadcrumbList\",\"@id\":\"https:\/\/www.miravinya.cat\/viu-el-penedes#breadcrumb\",\"itemListElement\":[{\"@type\":\"ListItem\",\"position\":1,\"name\":\"Inici\",\"item\":\"https:\/\/www.miravinya.cat\/en\"},{\"@type\":\"ListItem\",\"position\":2,\"name\":\"Experience Pened\u00e8s\"}]},{\"@type\":\"WebSite\",\"@id\":\"https:\/\/www.miravinya.cat\/#website\",\"url\":\"https:\/\/www.miravinya.cat\/\",\"name\":\"Miravinya - Pened\u00e8s Turisme\",\"description\":\"\",\"publisher\":{\"@id\":\"https:\/\/www.miravinya.cat\/#organization\"},\"potentialAction\":[{\"@type\":\"SearchAction\",\"target\":{\"@type\":\"EntryPoint\",\"urlTemplate\":\"https:\/\/www.miravinya.cat\/?s={search_term_string}\"},\"query-input\":{\"@type\":\"PropertyValueSpecification\",\"valueRequired\":true,\"valueName\":\"search_term_string\"}}],\"inLanguage\":\"en-US\"},{\"@type\":\"Organization\",\"@id\":\"https:\/\/www.miravinya.cat\/#organization\",\"name\":\"Miravinya - Pened\u00e8s Turisme\",\"url\":\"https:\/\/www.miravinya.cat\/\",\"logo\":{\"@type\":\"ImageObject\",\"inLanguage\":\"en-US\",\"@id\":\"https:\/\/www.miravinya.cat\/#\/schema\/logo\/image\/\",\"url\":\"https:\/\/www.miravinya.cat\/wp-content\/uploads\/2025\/01\/logo_miravinya_negre_menu.svg\",\"contentUrl\":\"https:\/\/www.miravinya.cat\/wp-content\/uploads\/2025\/01\/logo_miravinya_negre_menu.svg\",\"width\":295,\"height\":85,\"caption\":\"Miravinya - Pened\u00e8s Turisme\"},\"image\":{\"@id\":\"https:\/\/www.miravinya.cat\/#\/schema\/logo\/image\/\"},\"sameAs\":[\"https:\/\/www.facebook.com\/penedesturisme\/\",\"https:\/\/x.com\/penedesturisme\",\"https:\/\/www.instagram.com\/penedesturisme\/\",\"https:\/\/www.youtube.com\/channel\/UCIorBt69xizZaF8GrBJ7P1A\"]}]}<\/script>\n<!-- \/ Yoast SEO plugin. -->","yoast_head_json":{"title":"Experience Pened\u00e8s - Miravinya","robots":{"index":"index","follow":"follow","max-snippet":"max-snippet:-1","max-image-preview":"max-image-preview:large","max-video-preview":"max-video-preview:-1"},"canonical":"https:\/\/www.miravinya.cat\/viu-el-penedes","og_locale":"en_US","og_type":"article","og_title":"Experience Pened\u00e8s - Miravinya","og_url":"https:\/\/www.miravinya.cat\/viu-el-penedes","og_site_name":"Miravinya","article_publisher":"https:\/\/www.facebook.com\/penedesturisme\/","article_modified_time":"2025-01-21T12:55:24+00:00","og_image":[{"url":"https:\/\/www.miravinya.cat\/wp-content\/uploads\/2025\/01\/avio.svg","type":"","width":"","height":""}],"twitter_card":"summary_large_image","twitter_site":"@penedesturisme","twitter_misc":{"Est. reading time":"28 minutes"},"schema":{"@context":"https:\/\/schema.org","@graph":[{"@type":"WebPage","@id":"https:\/\/www.miravinya.cat\/viu-el-penedes","url":"https:\/\/www.miravinya.cat\/viu-el-penedes","name":"Experience Pened\u00e8s - Miravinya","isPartOf":{"@id":"https:\/\/www.miravinya.cat\/#website"},"primaryImageOfPage":{"@id":"https:\/\/www.miravinya.cat\/viu-el-penedes#primaryimage"},"image":{"@id":"https:\/\/www.miravinya.cat\/viu-el-penedes#primaryimage"},"thumbnailUrl":"https:\/\/www.miravinya.cat\/wp-content\/uploads\/2025\/01\/avio.svg","datePublished":"2025-01-07T12:10:32+00:00","dateModified":"2025-01-21T12:55:24+00:00","breadcrumb":{"@id":"https:\/\/www.miravinya.cat\/viu-el-penedes#breadcrumb"},"inLanguage":"en-US","potentialAction":[{"@type":"ReadAction","target":["https:\/\/www.miravinya.cat\/viu-el-penedes"]}]},{"@type":"ImageObject","inLanguage":"en-US","@id":"https:\/\/www.miravinya.cat\/viu-el-penedes#primaryimage","url":"https:\/\/www.miravinya.cat\/wp-content\/uploads\/2025\/01\/avio.svg","contentUrl":"https:\/\/www.miravinya.cat\/wp-content\/uploads\/2025\/01\/avio.svg"},{"@type":"BreadcrumbList","@id":"https:\/\/www.miravinya.cat\/viu-el-penedes#breadcrumb","itemListElement":[{"@type":"ListItem","position":1,"name":"Inici","item":"https:\/\/www.miravinya.cat\/en"},{"@type":"ListItem","position":2,"name":"Experience Pened\u00e8s"}]},{"@type":"WebSite","@id":"https:\/\/www.miravinya.cat\/#website","url":"https:\/\/www.miravinya.cat\/","name":"Miravinya - Pened\u00e8s Turisme","description":"","publisher":{"@id":"https:\/\/www.miravinya.cat\/#organization"},"potentialAction":[{"@type":"SearchAction","target":{"@type":"EntryPoint","urlTemplate":"https:\/\/www.miravinya.cat\/?s={search_term_string}"},"query-input":{"@type":"PropertyValueSpecification","valueRequired":true,"valueName":"search_term_string"}}],"inLanguage":"en-US"},{"@type":"Organization","@id":"https:\/\/www.miravinya.cat\/#organization","name":"Miravinya - Pened\u00e8s Turisme","url":"https:\/\/www.miravinya.cat\/","logo":{"@type":"ImageObject","inLanguage":"en-US","@id":"https:\/\/www.miravinya.cat\/#\/schema\/logo\/image\/","url":"https:\/\/www.miravinya.cat\/wp-content\/uploads\/2025\/01\/logo_miravinya_negre_menu.svg","contentUrl":"https:\/\/www.miravinya.cat\/wp-content\/uploads\/2025\/01\/logo_miravinya_negre_menu.svg","width":295,"height":85,"caption":"Miravinya - Pened\u00e8s Turisme"},"image":{"@id":"https:\/\/www.miravinya.cat\/#\/schema\/logo\/image\/"},"sameAs":["https:\/\/www.facebook.com\/penedesturisme\/","https:\/\/x.com\/penedesturisme","https:\/\/www.instagram.com\/penedesturisme\/","https:\/\/www.youtube.com\/channel\/UCIorBt69xizZaF8GrBJ7P1A"]}]}},"_links":{"self":[{"href":"https:\/\/www.miravinya.cat\/en\/wp-json\/wp\/v2\/pages\/1244","targetHints":{"allow":["GET"]}}],"collection":[{"href":"https:\/\/www.miravinya.cat\/en\/wp-json\/wp\/v2\/pages"}],"about":[{"href":"https:\/\/www.miravinya.cat\/en\/wp-json\/wp\/v2\/types\/page"}],"author":[{"embeddable":true,"href":"https:\/\/www.miravinya.cat\/en\/wp-json\/wp\/v2\/users\/1"}],"replies":[{"embeddable":true,"href":"https:\/\/www.miravinya.cat\/en\/wp-json\/wp\/v2\/comments?post=1244"}],"version-history":[{"count":8,"href":"https:\/\/www.miravinya.cat\/en\/wp-json\/wp\/v2\/pages\/1244\/revisions"}],"predecessor-version":[{"id":1491,"href":"https:\/\/www.miravinya.cat\/en\/wp-json\/wp\/v2\/pages\/1244\/revisions\/1491"}],"wp:attachment":[{"href":"https:\/\/www.miravinya.cat\/en\/wp-json\/wp\/v2\/media?parent=1244"}],"curies":[{"name":"wp","href":"https:\/\/api.w.org\/{rel}","templated":true}]}}