{"id":1223,"date":"2025-01-07T14:12:02","date_gmt":"2025-01-07T12:12:02","guid":{"rendered":"https:\/\/www.miravinya.cat\/contacto"},"modified":"2025-01-20T12:53:23","modified_gmt":"2025-01-20T10:53:23","slug":"contacto","status":"publish","type":"page","link":"https:\/\/www.miravinya.cat\/es\/contacto","title":{"rendered":"Contacto"},"content":{"rendered":"<div class=\"fusion-fullwidth fullwidth-box fusion-builder-row-1 fusion-flex-container has-pattern-background has-mask-background nonhundred-percent-fullwidth non-hundred-percent-height-scrolling\" style=\"--awb-border-radius-top-left:0px;--awb-border-radius-top-right:0px;--awb-border-radius-bottom-right:0px;--awb-border-radius-bottom-left:0px;--awb-margin-top:20px;--awb-flex-wrap:wrap;\" ><div class=\"fusion-builder-row fusion-row fusion-flex-align-items-flex-start fusion-flex-content-wrap\" style=\"max-width:1664px;margin-left: calc(-4% \/ 2 );margin-right: calc(-4% \/ 2 );\"><div class=\"fusion-layout-column fusion_builder_column fusion-builder-column-0 fusion_builder_column_1_1 1_1 fusion-flex-column\" style=\"--awb-bg-size:cover;--awb-width-large:100%;--awb-margin-top-large:0px;--awb-spacing-right-large:1.92%;--awb-margin-bottom-large:20px;--awb-spacing-left-large:1.92%;--awb-width-medium:100%;--awb-order-medium:0;--awb-spacing-right-medium:1.92%;--awb-spacing-left-medium:1.92%;--awb-width-small:100%;--awb-order-small:0;--awb-spacing-right-small:1.92%;--awb-spacing-left-small:1.92%;\" data-scroll-devices=\"small-visibility,medium-visibility,large-visibility\"><div class=\"fusion-column-wrapper fusion-column-has-shadow fusion-flex-justify-content-flex-start fusion-content-layout-column\"><div class=\"fusion-title title fusion-title-1 fusion-sep-none fusion-title-center fusion-title-text fusion-title-size-one\" style=\"--awb-margin-top:0px;--awb-margin-bottom:100px;\"><h1 class=\"fusion-title-heading title-heading-center fusion-responsive-typography-calculated\" style=\"margin:0;--fontSize:64;line-height:1.1;\"><p class=\"p1\">Contacto<\/p><\/h1><\/div><div class=\"fusion-text fusion-text-1 fusion-text-no-margin\" style=\"--awb-margin-bottom:100px;\"><p style=\"text-align: center;\"><strong>Consorci de Promoci\u00f3 Tur\u00edstica del Pened\u00e8s<\/strong><br \/>Hermenegild Clascar, 1-3<br \/>08720 Vilafranca del Pened\u00e8s<br \/>+34 93 817 01 60<\/p>\n<p class=\"p1\" style=\"text-align: center;\"><a href=\"http:\/\/penedesturisme.cat\" target=\"_blank\" rel=\"noopener\"><strong>https:\/\/www.penedesturisme.cat\/es<\/strong><\/a><\/p>\n<p style=\"text-align: center;\">Si necesitas informaci\u00f3n tur\u00edstica o deseas plantear alguna sugerencia,<br \/>queja o incidencia sobre alguno de los miradores,<br \/>ponte en contacto con nosotros y te responderemos lo antes posible.<\/p>\n<\/div><div style=\"text-align:center;\"><a class=\"fusion-button button-flat button-xlarge button-default fusion-button-default button-1 fusion-button-default-span fusion-button-default-type\" target=\"_blank\" rel=\"noopener noreferrer\" href=\"https:\/\/www.penedesturisme.cat\/es\/form\/formulari-de-contacte-suggerimen\"><span class=\"fusion-button-text\">Contacto<\/span><\/a><\/div><\/div><\/div><\/div><\/div>\n","protected":false},"excerpt":{"rendered":"","protected":false},"author":1,"featured_media":0,"parent":0,"menu_order":0,"comment_status":"closed","ping_status":"closed","template":"100-width.php","meta":{"footnotes":""},"class_list":["post-1223","page","type-page","status-publish","hentry"],"acf":[],"yoast_head":"<!-- This site is optimized with the Yoast SEO plugin v24.5 - https:\/\/yoast.com\/wordpress\/plugins\/seo\/ -->\n<title>Contacto - Miravinya<\/title>\n<meta name=\"robots\" content=\"index, follow, max-snippet:-1, max-image-preview:large, max-video-preview:-1\" \/>\n<link rel=\"canonical\" href=\"https:\/\/www.miravinya.cat\/contacte\" \/>\n<meta property=\"og:locale\" content=\"es_ES\" \/>\n<meta property=\"og:type\" content=\"article\" \/>\n<meta property=\"og:title\" content=\"Contacto - Miravinya\" \/>\n<meta property=\"og:url\" content=\"https:\/\/www.miravinya.cat\/contacte\" \/>\n<meta property=\"og:site_name\" content=\"Miravinya\" \/>\n<meta property=\"article:publisher\" content=\"https:\/\/www.facebook.com\/penedesturisme\/\" \/>\n<meta property=\"article:modified_time\" content=\"2025-01-20T10:53:23+00:00\" \/>\n<meta name=\"twitter:card\" content=\"summary_large_image\" \/>\n<meta name=\"twitter:site\" content=\"@penedesturisme\" \/>\n<meta name=\"twitter:label1\" content=\"Tiempo de lectura\" \/>\n\t<meta name=\"twitter:data1\" content=\"4 minutos\" \/>\n<script type=\"application\/ld+json\" class=\"yoast-schema-graph\">{\"@context\":\"https:\/\/schema.org\",\"@graph\":[{\"@type\":\"WebPage\",\"@id\":\"https:\/\/www.miravinya.cat\/contacte\",\"url\":\"https:\/\/www.miravinya.cat\/contacte\",\"name\":\"Contacto - Miravinya\",\"isPartOf\":{\"@id\":\"https:\/\/www.miravinya.cat\/#website\"},\"datePublished\":\"2025-01-07T12:12:02+00:00\",\"dateModified\":\"2025-01-20T10:53:23+00:00\",\"breadcrumb\":{\"@id\":\"https:\/\/www.miravinya.cat\/contacte#breadcrumb\"},\"inLanguage\":\"es\",\"potentialAction\":[{\"@type\":\"ReadAction\",\"target\":[\"https:\/\/www.miravinya.cat\/contacte\"]}]},{\"@type\":\"BreadcrumbList\",\"@id\":\"https:\/\/www.miravinya.cat\/contacte#breadcrumb\",\"itemListElement\":[{\"@type\":\"ListItem\",\"position\":1,\"name\":\"Inici\",\"item\":\"https:\/\/www.miravinya.cat\/es\"},{\"@type\":\"ListItem\",\"position\":2,\"name\":\"Contacto\"}]},{\"@type\":\"WebSite\",\"@id\":\"https:\/\/www.miravinya.cat\/#website\",\"url\":\"https:\/\/www.miravinya.cat\/\",\"name\":\"Miravinya - Pened\u00e8s Turisme\",\"description\":\"\",\"publisher\":{\"@id\":\"https:\/\/www.miravinya.cat\/#organization\"},\"potentialAction\":[{\"@type\":\"SearchAction\",\"target\":{\"@type\":\"EntryPoint\",\"urlTemplate\":\"https:\/\/www.miravinya.cat\/?s={search_term_string}\"},\"query-input\":{\"@type\":\"PropertyValueSpecification\",\"valueRequired\":true,\"valueName\":\"search_term_string\"}}],\"inLanguage\":\"es\"},{\"@type\":\"Organization\",\"@id\":\"https:\/\/www.miravinya.cat\/#organization\",\"name\":\"Miravinya - Pened\u00e8s Turisme\",\"url\":\"https:\/\/www.miravinya.cat\/\",\"logo\":{\"@type\":\"ImageObject\",\"inLanguage\":\"es\",\"@id\":\"https:\/\/www.miravinya.cat\/#\/schema\/logo\/image\/\",\"url\":\"https:\/\/www.miravinya.cat\/wp-content\/uploads\/2025\/01\/logo_miravinya_negre_menu.svg\",\"contentUrl\":\"https:\/\/www.miravinya.cat\/wp-content\/uploads\/2025\/01\/logo_miravinya_negre_menu.svg\",\"width\":295,\"height\":85,\"caption\":\"Miravinya - Pened\u00e8s Turisme\"},\"image\":{\"@id\":\"https:\/\/www.miravinya.cat\/#\/schema\/logo\/image\/\"},\"sameAs\":[\"https:\/\/www.facebook.com\/penedesturisme\/\",\"https:\/\/x.com\/penedesturisme\",\"https:\/\/www.instagram.com\/penedesturisme\/\",\"https:\/\/www.youtube.com\/channel\/UCIorBt69xizZaF8GrBJ7P1A\"]}]}<\/script>\n<!-- \/ Yoast SEO plugin. -->","yoast_head_json":{"title":"Contacto - Miravinya","robots":{"index":"index","follow":"follow","max-snippet":"max-snippet:-1","max-image-preview":"max-image-preview:large","max-video-preview":"max-video-preview:-1"},"canonical":"https:\/\/www.miravinya.cat\/contacte","og_locale":"es_ES","og_type":"article","og_title":"Contacto - Miravinya","og_url":"https:\/\/www.miravinya.cat\/contacte","og_site_name":"Miravinya","article_publisher":"https:\/\/www.facebook.com\/penedesturisme\/","article_modified_time":"2025-01-20T10:53:23+00:00","twitter_card":"summary_large_image","twitter_site":"@penedesturisme","twitter_misc":{"Tiempo de lectura":"4 minutos"},"schema":{"@context":"https:\/\/schema.org","@graph":[{"@type":"WebPage","@id":"https:\/\/www.miravinya.cat\/contacte","url":"https:\/\/www.miravinya.cat\/contacte","name":"Contacto - Miravinya","isPartOf":{"@id":"https:\/\/www.miravinya.cat\/#website"},"datePublished":"2025-01-07T12:12:02+00:00","dateModified":"2025-01-20T10:53:23+00:00","breadcrumb":{"@id":"https:\/\/www.miravinya.cat\/contacte#breadcrumb"},"inLanguage":"es","potentialAction":[{"@type":"ReadAction","target":["https:\/\/www.miravinya.cat\/contacte"]}]},{"@type":"BreadcrumbList","@id":"https:\/\/www.miravinya.cat\/contacte#breadcrumb","itemListElement":[{"@type":"ListItem","position":1,"name":"Inici","item":"https:\/\/www.miravinya.cat\/es"},{"@type":"ListItem","position":2,"name":"Contacto"}]},{"@type":"WebSite","@id":"https:\/\/www.miravinya.cat\/#website","url":"https:\/\/www.miravinya.cat\/","name":"Miravinya - Pened\u00e8s Turisme","description":"","publisher":{"@id":"https:\/\/www.miravinya.cat\/#organization"},"potentialAction":[{"@type":"SearchAction","target":{"@type":"EntryPoint","urlTemplate":"https:\/\/www.miravinya.cat\/?s={search_term_string}"},"query-input":{"@type":"PropertyValueSpecification","valueRequired":true,"valueName":"search_term_string"}}],"inLanguage":"es"},{"@type":"Organization","@id":"https:\/\/www.miravinya.cat\/#organization","name":"Miravinya - Pened\u00e8s Turisme","url":"https:\/\/www.miravinya.cat\/","logo":{"@type":"ImageObject","inLanguage":"es","@id":"https:\/\/www.miravinya.cat\/#\/schema\/logo\/image\/","url":"https:\/\/www.miravinya.cat\/wp-content\/uploads\/2025\/01\/logo_miravinya_negre_menu.svg","contentUrl":"https:\/\/www.miravinya.cat\/wp-content\/uploads\/2025\/01\/logo_miravinya_negre_menu.svg","width":295,"height":85,"caption":"Miravinya - Pened\u00e8s Turisme"},"image":{"@id":"https:\/\/www.miravinya.cat\/#\/schema\/logo\/image\/"},"sameAs":["https:\/\/www.facebook.com\/penedesturisme\/","https:\/\/x.com\/penedesturisme","https:\/\/www.instagram.com\/penedesturisme\/","https:\/\/www.youtube.com\/channel\/UCIorBt69xizZaF8GrBJ7P1A"]}]}},"_links":{"self":[{"href":"https:\/\/www.miravinya.cat\/es\/wp-json\/wp\/v2\/pages\/1223","targetHints":{"allow":["GET"]}}],"collection":[{"href":"https:\/\/www.miravinya.cat\/es\/wp-json\/wp\/v2\/pages"}],"about":[{"href":"https:\/\/www.miravinya.cat\/es\/wp-json\/wp\/v2\/types\/page"}],"author":[{"embeddable":true,"href":"https:\/\/www.miravinya.cat\/es\/wp-json\/wp\/v2\/users\/1"}],"replies":[{"embeddable":true,"href":"https:\/\/www.miravinya.cat\/es\/wp-json\/wp\/v2\/comments?post=1223"}],"version-history":[{"count":2,"href":"https:\/\/www.miravinya.cat\/es\/wp-json\/wp\/v2\/pages\/1223\/revisions"}],"predecessor-version":[{"id":1225,"href":"https:\/\/www.miravinya.cat\/es\/wp-json\/wp\/v2\/pages\/1223\/revisions\/1225"}],"wp:attachment":[{"href":"https:\/\/www.miravinya.cat\/es\/wp-json\/wp\/v2\/media?parent=1223"}],"curies":[{"name":"wp","href":"https:\/\/api.w.org\/{rel}","templated":true}]}}