{"id":1323,"date":"2025-01-13T16:11:19","date_gmt":"2025-01-13T14:11:19","guid":{"rendered":"https:\/\/www.miravinya.cat\/aviso-legal"},"modified":"2025-03-03T10:19:17","modified_gmt":"2025-03-03T08:19:17","slug":"aviso-legal","status":"publish","type":"page","link":"https:\/\/www.miravinya.cat\/es\/aviso-legal","title":{"rendered":"Aviso legal"},"content":{"rendered":"<div class=\"fusion-fullwidth fullwidth-box fusion-builder-row-1 fusion-flex-container has-pattern-background has-mask-background nonhundred-percent-fullwidth non-hundred-percent-height-scrolling\" style=\"--awb-border-radius-top-left:0px;--awb-border-radius-top-right:0px;--awb-border-radius-bottom-right:0px;--awb-border-radius-bottom-left:0px;--awb-flex-wrap:wrap;\" ><div class=\"fusion-builder-row fusion-row fusion-flex-align-items-flex-start fusion-flex-content-wrap\" style=\"max-width:1664px;margin-left: calc(-4% \/ 2 );margin-right: calc(-4% \/ 2 );\"><div class=\"fusion-layout-column fusion_builder_column fusion-builder-column-0 fusion_builder_column_1_1 1_1 fusion-flex-column\" style=\"--awb-bg-size:cover;--awb-width-large:100%;--awb-margin-top-large:0px;--awb-spacing-right-large:1.92%;--awb-margin-bottom-large:20px;--awb-spacing-left-large:1.92%;--awb-width-medium:100%;--awb-order-medium:0;--awb-spacing-right-medium:1.92%;--awb-spacing-left-medium:1.92%;--awb-width-small:100%;--awb-order-small:0;--awb-spacing-right-small:1.92%;--awb-spacing-left-small:1.92%;\"><div class=\"fusion-column-wrapper fusion-column-has-shadow fusion-flex-justify-content-flex-start fusion-content-layout-column\"><div class=\"fusion-text fusion-text-1\" style=\"--awb-margin-top:20px;\"><p><strong>CONDICIONES GENERALES DE USO DEL SITIO WEB DE Consorci de Promoci\u00f3 Tur\u00edstica del Pened\u00e8s &#8211; miravinya.cat<\/strong><\/p>\n<p>Consorci de Promoci\u00f3 Tur\u00edstica del Pened\u00e8s (d&#8217;ara endavant EL PROPIETARI) amb domicili a l&#8217;efecte de notificacions a Hermenegild Clascar, 1-3 08720. Vilafranca del Pened\u00e8s amb NIF V62024146 posa a disposici\u00f3 en el seu lloc web mitavinya.cat determinats continguts de car\u00e0cter informatiu sobre les seves activitats. Les presents condicions generals regeixen exclusivament l&#8217;\u00fas del lloc web del PROPIETARI per part dels USUARIS que accedeixin a aquest. Les presents condicions generals se li exposen a l&#8217;USUARI en el lloc web <strong>miravinya.cat<\/strong> en totes i cadascuna de les p\u00e0gines, perqu\u00e8 les llegeixi, les imprimeixi, arxivi i accepti a trav\u00e9s d&#8217;internet i es trobi plenament informat. L&#8217;acc\u00e9s al lloc web del PROPIETARI implica sense reserves l&#8217;acceptaci\u00f3 de les presents condicions generals d&#8217;\u00fas que l&#8217;USUARI afirma comprendre \u00edntegrament. L&#8217;USUARI es compromet a no utilitzar el lloc web i els serveis que s&#8217;ofereixen en el mateix per a la realitzaci\u00f3 d&#8217;activitats contr\u00e0ries a la llei i a respectar en tot moment les presents condicions generals.<\/p>\n<p><strong>PRIMERA.- CONDICIONS D&#8217;ACC\u00c9S I \u00daS<\/strong><\/p>\n<p>1.1.- La utilitzaci\u00f3 del lloc web del PROPIETARI, no comporta l&#8217;obligatorietat d&#8217;inscripci\u00f3 de l&#8217;USUARI. Les condicions d&#8217;acc\u00e9s i \u00fas del present lloc web es regeixen estrictament per la legalitat vigent i pel principi de bona fe comprometent-se l&#8217;USUARI a realitzar un bon \u00fas de la web. Queden prohibits tots els actes que vulnerin la legalitat, drets o interessos de tercers: dret a la intimitat, protecci\u00f3 de dades, propietat intel\u00b7lectual etc. Expressament EL PROPIETARI prohibeix els seg\u00fcents: 1.1.1.- Realitzar accions que puguin produir en el lloc web o a trav\u00e9s del mateix per qualsevol mitj\u00e0 qualsevol tipus de mal als sistemes del PROPIETARI o a tercers. 1.1.2.- Realitzar sense la deguda autoritzaci\u00f3 qualsevol tipus de publicitat o informaci\u00f3 comercial directament o de forma encoberta, l&#8217;enviament de correus massius (\u00abspaming\u00bb) o enviament de grans missatges amb la finalitat de bloquejar servidors de la xarxa (\u00abmail bombing\u00bb) 1.2.- EL PROPIETARI, podr\u00e0 interrompre en qualsevol moment l&#8217;acc\u00e9s al seu lloc web si detecta un \u00fas contrari a la legalitat, la bona fe o a les presents condicions generals- veure cl\u00e0usula cinquena.<\/p>\n<p><strong>SEGONA.- CONTINGUTS.<\/strong><\/p>\n<p><strong>&#8211;<\/strong>Els continguts incorporats en aquest lloc web han estat elaborats i inclosos per: 2.1.- EL PROPIETARI utilitzant fonts internes i externes de tal manera que EL PROPIETARI \u00fanicament es fa responsable pels continguts elaborats de manera interna. 2.2.- Els USUARIS, a trav\u00e9s de col\u00b7laboracions o introducci\u00f3 volunt\u00e0ria de continguts, tant gr\u00e0fics com escrits, directament o indirectament a trav\u00e9s d&#8217;enlla\u00e7os o links sent aquests els \u00fanics responsables dels mateixos i quedant expressament exempt EL PROPIETARI de tota responsabilitat. L&#8217;USUARI que introdueixi qualsevol contingut en el lloc web del PROPIETARI manifesta l&#8217;absoluta legalitat i autoria dels mateixos i expressament assumeix tot tipus de responsabilitat que es pugui derivar d&#8217;aquests continguts. L&#8217;USUARI tamb\u00e9 es fa responsable de les opinions introdu\u00efdes en el xat i f\u00f2rums posats a la seva disposici\u00f3 en el lloc web. EL PROPIETARI no ser\u00e0 responsable en cap cas de les opinions abocades en els referits f\u00f2rums i podr\u00e0 retirar o impedir l&#8217;acc\u00e9s als USUARIS que vulnerin la legalitat vigent aix\u00ed com posar en coneixement de Jutjats i Tribunals els fets que siguin constitutius d&#8217;alguna mena d&#8217;il\u00b7l\u00edcit penal o civil. 2.3.- EL PROPIETARI es reserva el dret a modificar en qualsevol moment els continguts existents en el seu lloc web. EL PROPIETARI no assegura ni es responsabilitza del correcte funcionament dels enlla\u00e7os a llocs web de tercers que figurin a mitavinya.cat A m\u00e9s, a trav\u00e9s del lloc web del PROPIETARI es posen a la disposici\u00f3 de l&#8217;usuari serveis gratu\u00efts i de pagament oferts per tercers aliens i que es regiran per les condicions particulars de cadascun d\u2019ells. EL PROPIETARI no garanteix la veracitat, exactitud o actualitat dels continguts i serveis oferts per tercers i queda expressament exempt de tota mena de responsabilitat pels danys i perjudicis que puguin derivar-se de la falta d&#8217;exactitud d&#8217;aquests continguts i serveis.<\/p>\n<p><strong>TERCERA.- RESPONSABILITAT.<\/strong><\/p>\n<p>3.1.- EL PROPIETARI en cap cas ser\u00e0 responsable de: 3.1.1.- Les fallades i incid\u00e8ncies que poguessin produir-se en les comunicacions, esborrat o transmissions incompletes de manera que no es garanteix que els serveis del lloc web estiguin constantment operatius.3.1.2.- De la producci\u00f3 de qualsevol mena de mal que els USUARIS o tercers poguessin ocasionar en el lloc web. 3.1.3.- De la fiabilitat i veracitat de les informacions introdu\u00efdes per tercers en el lloc web, b\u00e9 directament, b\u00e9 a trav\u00e9s d&#8217;enlla\u00e7os o links. Aix\u00ed mateix, Consorci de Promoci\u00f3 Tur\u00edstica del Pened\u00e8s col\u00b7laborar\u00e0 i notificar\u00e0 a l&#8217;autoritat competent aquestes incid\u00e8ncies en el moment en qu\u00e8 tingui coneixement fefaent que els danys ocasionats constitueixin qualsevol tipus d&#8217;activitat il\u00b7l\u00edcita. 3.2.- EL PROPIETARI es reserva el dret a suspendre l&#8217;acc\u00e9s sense previ av\u00eds de manera discrecional i amb car\u00e0cter definitiu o temporal fins a l&#8217;assegurament de l&#8217;efectiva responsabilitat dels danys que poguessin produir-se. Aix\u00ed mateix, EL PROPIETARI col\u00b7laborar\u00e0 i notificar\u00e0 a l&#8217;autoritat competent aquestes incid\u00e8ncies en el moment en qu\u00e8 tingui coneixement fefaent que els danys ocasionats constitueixin qualsevol tipus d&#8217;activitat il\u00b7l\u00edcita.<\/p>\n<p><strong>QUARTA.- DRETS D&#8217;AUTOR I MARCA<\/strong>. Consorci de Promoci\u00f3 Tur\u00edstica del Pened\u00e8s \u00e9s una marca registrada. Queda prohibida la utilitzaci\u00f3 aliena per qualsevol mitj\u00e0 de la marca de Consorci de Promoci\u00f3 Tur\u00edstica del Pened\u00e8s , que inclou tant el nom com el logotip, excepte consentiment expr\u00e9s del propietari . Queden reservats tots els drets. A m\u00e9s, el lloc web de Consorci de Promoci\u00f3 Tur\u00edstica del Pened\u00e8s , els continguts propis, la programaci\u00f3 i el disseny del lloc web- es troba plenament protegit pels drets d&#8217;autor, quedant expressament prohibida tota reproducci\u00f3, comunicaci\u00f3, distribuci\u00f3 i transformaci\u00f3 dels referits elements protegits excepte consentiment expr\u00e9s de Consorci de Promoci\u00f3 Tur\u00edstica del Pened\u00e8s<\/p>\n<p><strong>CINQUENA.- JURISDICCI\u00d3 I LLEI APLICABLE<\/strong>. Les presents condicions generals es regeixen per la legislaci\u00f3 espanyola. S\u00f3n competents per a resoldre tota controv\u00e8rsia o conflicte que es derivi de les presents condicions generals els Jutjats de Vilafranca del Pened\u00e8s renunciant expressament l&#8217;USUARI a qualsevol altre fur que pogu\u00e9s correspondre-li.<\/p>\n<p><strong>SISENA.<\/strong><\/p>\n<p>En cas que qualsevol cl\u00e0usula del present document sigui declarada nul\u00b7la, les altres cl\u00e0usules continuaran vigents i s&#8217;interpretaran tenint en compte la voluntat de les parts i la finalitat mateixa de les presents condicions. EL PROPIETARI podr\u00e0 no exercitar algun dels drets i facultats conferits en aquest document el que no implicar\u00e0 en cap cas la ren\u00fancia als mateixos excepte reconeixement expr\u00e9s per part del PROPIETARI.<\/p>\n<p><strong>XARXES SOCIALS<\/strong><\/p>\n<p>L\u2019usuari caldr\u00e0 que disposi del seu perfil en aquestes xarxes socials per poder interactuar amb Consorci de Promoci\u00f3 Tur\u00edstica del Pened\u00e8s i que accepti la relaci\u00f3 amb la nostra xarxa social. Si aix\u00ed es realitza, Consorci de Promoci\u00f3 Tur\u00edstica del Pened\u00e8s tindr\u00e0 acc\u00e9s al perfil de l\u2019usuari d\u2019acord amb els par\u00e0metres estipulats per la pr\u00f2pia xarxa social i podr\u00e0 interactuar amb ell amb l\u2019enviament de missatges, publicacions, participaci\u00f3 en concursos i sortejos. Si l\u2019usuari no desitja que Consorci de Promoci\u00f3 Tur\u00edstica del Pened\u00e8s pugui accedir al seu perfil o interrelacionar-se amb ell caldr\u00e0 que es desvinculi del perfil deixant de seguir o eliminar com amistat, seguidor o usuari. Les actuacions que realitzi Consorci de Promoci\u00f3 Tur\u00edstica del Pened\u00e8s podran tenir car\u00e0cter informatiu i\/o publicitari del seus serveis o productes, considerant que la xarxa social es un mitj\u00e0 publicitari, sota la responsabilitat de Consorci de Promoci\u00f3 Tur\u00edstica del Pened\u00e8s en quant a les publicacions i comunicacions que realitzen per aquest mitjans online. La participaci\u00f3 dels usuaris en concursos, promocions o sortejos implicar\u00e0 que l\u2019usuari accepta les bases legals d\u2019aquest concurs, promoci\u00f3 o sorteig que seran publicades a la xarxa social de refer\u00e8ncia en el moment oport\u00fa, i amb la seva participaci\u00f3, implicar\u00e0 que l\u2019usuari ha acceptat les mateixes. Es recorda als usuaris que les publicacions que realitzin en les xarxes socials ser\u00e0 sota la seva responsabilitat i caldr\u00e0 que respectin la legislaci\u00f3 i els drets de tercers que es puguin afectar, amb especial rellev\u00e0ncia els drets de propietat intel\u00b7lectual, de protecci\u00f3 de dades i de la pr\u00f2pia imatge de tercers, aix\u00ed com les normes de les pr\u00f2pies xarxes socials que consten en els seg\u00fcents links:<\/p>\n<ul>\n<li>Facebook: <a href=\"https:\/\/www.facebook.com\/legal\/terms\">https:\/\/www.facebook.com\/legal\/terms<\/a><\/li>\n<li>Instagram: <a href=\"https:\/\/help.instagram.com\/\">https:\/\/help.instagram.com\/<\/a><\/li>\n<li>Twitter: <a href=\"https:\/\/twitter.com\/es\/tos\">https:\/\/twitter.com\/es\/tos<\/a><\/li>\n<\/ul>\n<\/div><\/div><\/div><\/div><\/div>\n","protected":false},"excerpt":{"rendered":"","protected":false},"author":1,"featured_media":0,"parent":0,"menu_order":0,"comment_status":"closed","ping_status":"closed","template":"100-width.php","meta":{"footnotes":""},"class_list":["post-1323","page","type-page","status-publish","hentry"],"acf":[],"yoast_head":"<!-- This site is optimized with the Yoast SEO plugin v24.5 - https:\/\/yoast.com\/wordpress\/plugins\/seo\/ -->\n<title>Aviso legal - Miravinya<\/title>\n<meta name=\"robots\" content=\"index, follow, max-snippet:-1, max-image-preview:large, max-video-preview:-1\" \/>\n<link rel=\"canonical\" href=\"https:\/\/www.miravinya.cat\/es\/aviso-legal\" \/>\n<meta property=\"og:locale\" content=\"es_ES\" \/>\n<meta property=\"og:type\" content=\"article\" \/>\n<meta property=\"og:title\" content=\"Aviso legal - Miravinya\" \/>\n<meta property=\"og:url\" content=\"https:\/\/www.miravinya.cat\/es\/aviso-legal\" \/>\n<meta property=\"og:site_name\" content=\"Miravinya\" \/>\n<meta property=\"article:publisher\" content=\"https:\/\/www.facebook.com\/penedesturisme\/\" \/>\n<meta property=\"article:modified_time\" content=\"2025-03-03T08:19:17+00:00\" \/>\n<meta name=\"twitter:card\" content=\"summary_large_image\" \/>\n<meta name=\"twitter:site\" content=\"@penedesturisme\" \/>\n<meta name=\"twitter:label1\" content=\"Tiempo de lectura\" \/>\n\t<meta name=\"twitter:data1\" content=\"8 minutos\" \/>\n<script type=\"application\/ld+json\" class=\"yoast-schema-graph\">{\"@context\":\"https:\/\/schema.org\",\"@graph\":[{\"@type\":\"WebPage\",\"@id\":\"https:\/\/www.miravinya.cat\/es\/aviso-legal\",\"url\":\"https:\/\/www.miravinya.cat\/es\/aviso-legal\",\"name\":\"Aviso legal - Miravinya\",\"isPartOf\":{\"@id\":\"https:\/\/www.miravinya.cat\/#website\"},\"datePublished\":\"2025-01-13T14:11:19+00:00\",\"dateModified\":\"2025-03-03T08:19:17+00:00\",\"breadcrumb\":{\"@id\":\"https:\/\/www.miravinya.cat\/es\/aviso-legal#breadcrumb\"},\"inLanguage\":\"es\",\"potentialAction\":[{\"@type\":\"ReadAction\",\"target\":[\"https:\/\/www.miravinya.cat\/es\/aviso-legal\"]}]},{\"@type\":\"BreadcrumbList\",\"@id\":\"https:\/\/www.miravinya.cat\/es\/aviso-legal#breadcrumb\",\"itemListElement\":[{\"@type\":\"ListItem\",\"position\":1,\"name\":\"Inici\",\"item\":\"https:\/\/www.miravinya.cat\/es\"},{\"@type\":\"ListItem\",\"position\":2,\"name\":\"Aviso legal\"}]},{\"@type\":\"WebSite\",\"@id\":\"https:\/\/www.miravinya.cat\/#website\",\"url\":\"https:\/\/www.miravinya.cat\/\",\"name\":\"Miravinya - Pened\u00e8s Turisme\",\"description\":\"\",\"publisher\":{\"@id\":\"https:\/\/www.miravinya.cat\/#organization\"},\"potentialAction\":[{\"@type\":\"SearchAction\",\"target\":{\"@type\":\"EntryPoint\",\"urlTemplate\":\"https:\/\/www.miravinya.cat\/?s={search_term_string}\"},\"query-input\":{\"@type\":\"PropertyValueSpecification\",\"valueRequired\":true,\"valueName\":\"search_term_string\"}}],\"inLanguage\":\"es\"},{\"@type\":\"Organization\",\"@id\":\"https:\/\/www.miravinya.cat\/#organization\",\"name\":\"Miravinya - Pened\u00e8s Turisme\",\"url\":\"https:\/\/www.miravinya.cat\/\",\"logo\":{\"@type\":\"ImageObject\",\"inLanguage\":\"es\",\"@id\":\"https:\/\/www.miravinya.cat\/#\/schema\/logo\/image\/\",\"url\":\"https:\/\/www.miravinya.cat\/wp-content\/uploads\/2025\/01\/logo_miravinya_negre_menu.svg\",\"contentUrl\":\"https:\/\/www.miravinya.cat\/wp-content\/uploads\/2025\/01\/logo_miravinya_negre_menu.svg\",\"width\":295,\"height\":85,\"caption\":\"Miravinya - Pened\u00e8s Turisme\"},\"image\":{\"@id\":\"https:\/\/www.miravinya.cat\/#\/schema\/logo\/image\/\"},\"sameAs\":[\"https:\/\/www.facebook.com\/penedesturisme\/\",\"https:\/\/x.com\/penedesturisme\",\"https:\/\/www.instagram.com\/penedesturisme\/\",\"https:\/\/www.youtube.com\/channel\/UCIorBt69xizZaF8GrBJ7P1A\"]}]}<\/script>\n<!-- \/ Yoast SEO plugin. -->","yoast_head_json":{"title":"Aviso legal - Miravinya","robots":{"index":"index","follow":"follow","max-snippet":"max-snippet:-1","max-image-preview":"max-image-preview:large","max-video-preview":"max-video-preview:-1"},"canonical":"https:\/\/www.miravinya.cat\/es\/aviso-legal","og_locale":"es_ES","og_type":"article","og_title":"Aviso legal - Miravinya","og_url":"https:\/\/www.miravinya.cat\/es\/aviso-legal","og_site_name":"Miravinya","article_publisher":"https:\/\/www.facebook.com\/penedesturisme\/","article_modified_time":"2025-03-03T08:19:17+00:00","twitter_card":"summary_large_image","twitter_site":"@penedesturisme","twitter_misc":{"Tiempo de lectura":"8 minutos"},"schema":{"@context":"https:\/\/schema.org","@graph":[{"@type":"WebPage","@id":"https:\/\/www.miravinya.cat\/es\/aviso-legal","url":"https:\/\/www.miravinya.cat\/es\/aviso-legal","name":"Aviso legal - Miravinya","isPartOf":{"@id":"https:\/\/www.miravinya.cat\/#website"},"datePublished":"2025-01-13T14:11:19+00:00","dateModified":"2025-03-03T08:19:17+00:00","breadcrumb":{"@id":"https:\/\/www.miravinya.cat\/es\/aviso-legal#breadcrumb"},"inLanguage":"es","potentialAction":[{"@type":"ReadAction","target":["https:\/\/www.miravinya.cat\/es\/aviso-legal"]}]},{"@type":"BreadcrumbList","@id":"https:\/\/www.miravinya.cat\/es\/aviso-legal#breadcrumb","itemListElement":[{"@type":"ListItem","position":1,"name":"Inici","item":"https:\/\/www.miravinya.cat\/es"},{"@type":"ListItem","position":2,"name":"Aviso legal"}]},{"@type":"WebSite","@id":"https:\/\/www.miravinya.cat\/#website","url":"https:\/\/www.miravinya.cat\/","name":"Miravinya - Pened\u00e8s Turisme","description":"","publisher":{"@id":"https:\/\/www.miravinya.cat\/#organization"},"potentialAction":[{"@type":"SearchAction","target":{"@type":"EntryPoint","urlTemplate":"https:\/\/www.miravinya.cat\/?s={search_term_string}"},"query-input":{"@type":"PropertyValueSpecification","valueRequired":true,"valueName":"search_term_string"}}],"inLanguage":"es"},{"@type":"Organization","@id":"https:\/\/www.miravinya.cat\/#organization","name":"Miravinya - Pened\u00e8s Turisme","url":"https:\/\/www.miravinya.cat\/","logo":{"@type":"ImageObject","inLanguage":"es","@id":"https:\/\/www.miravinya.cat\/#\/schema\/logo\/image\/","url":"https:\/\/www.miravinya.cat\/wp-content\/uploads\/2025\/01\/logo_miravinya_negre_menu.svg","contentUrl":"https:\/\/www.miravinya.cat\/wp-content\/uploads\/2025\/01\/logo_miravinya_negre_menu.svg","width":295,"height":85,"caption":"Miravinya - Pened\u00e8s Turisme"},"image":{"@id":"https:\/\/www.miravinya.cat\/#\/schema\/logo\/image\/"},"sameAs":["https:\/\/www.facebook.com\/penedesturisme\/","https:\/\/x.com\/penedesturisme","https:\/\/www.instagram.com\/penedesturisme\/","https:\/\/www.youtube.com\/channel\/UCIorBt69xizZaF8GrBJ7P1A"]}]}},"_links":{"self":[{"href":"https:\/\/www.miravinya.cat\/es\/wp-json\/wp\/v2\/pages\/1323","targetHints":{"allow":["GET"]}}],"collection":[{"href":"https:\/\/www.miravinya.cat\/es\/wp-json\/wp\/v2\/pages"}],"about":[{"href":"https:\/\/www.miravinya.cat\/es\/wp-json\/wp\/v2\/types\/page"}],"author":[{"embeddable":true,"href":"https:\/\/www.miravinya.cat\/es\/wp-json\/wp\/v2\/users\/1"}],"replies":[{"embeddable":true,"href":"https:\/\/www.miravinya.cat\/es\/wp-json\/wp\/v2\/comments?post=1323"}],"version-history":[{"count":3,"href":"https:\/\/www.miravinya.cat\/es\/wp-json\/wp\/v2\/pages\/1323\/revisions"}],"predecessor-version":[{"id":1335,"href":"https:\/\/www.miravinya.cat\/es\/wp-json\/wp\/v2\/pages\/1323\/revisions\/1335"}],"wp:attachment":[{"href":"https:\/\/www.miravinya.cat\/es\/wp-json\/wp\/v2\/media?parent=1323"}],"curies":[{"name":"wp","href":"https:\/\/api.w.org\/{rel}","templated":true}]}}