{"id":1257,"date":"2025-01-03T16:28:49","date_gmt":"2025-01-03T14:28:49","guid":{"rendered":"https:\/\/www.miravinya.cat\/accueil"},"modified":"2025-02-03T13:02:50","modified_gmt":"2025-02-03T11:02:50","slug":"accueil","status":"publish","type":"page","link":"https:\/\/www.miravinya.cat\/fr","title":{"rendered":"Accueil"},"content":{"rendered":"<p><div class=\"fusion-fullwidth fullwidth-box fusion-builder-row-1 fusion-flex-container has-pattern-background has-mask-background nonhundred-percent-fullwidth non-hundred-percent-height-scrolling\" style=\"--awb-border-radius-top-left:0px;--awb-border-radius-top-right:0px;--awb-border-radius-bottom-right:0px;--awb-border-radius-bottom-left:0px;--awb-padding-top:20px;--awb-flex-wrap:wrap;\" ><div class=\"fusion-builder-row fusion-row fusion-flex-align-items-flex-start fusion-flex-justify-content-center fusion-flex-content-wrap\" style=\"max-width:1664px;margin-left: calc(-4% \/ 2 );margin-right: calc(-4% \/ 2 );\"><div class=\"fusion-layout-column fusion_builder_column fusion-builder-column-0 fusion_builder_column_2_5 2_5 fusion-flex-column\" style=\"--awb-bg-size:cover;--awb-width-large:40%;--awb-margin-top-large:0px;--awb-spacing-right-large:4.8%;--awb-margin-bottom-large:80px;--awb-spacing-left-large:4.8%;--awb-width-medium:100%;--awb-order-medium:0;--awb-spacing-right-medium:1.92%;--awb-spacing-left-medium:1.92%;--awb-width-small:100%;--awb-order-small:0;--awb-spacing-right-small:1.92%;--awb-margin-bottom-small:0px;--awb-spacing-left-small:1.92%;\" data-scroll-devices=\"small-visibility,medium-visibility,large-visibility\"><div class=\"fusion-column-wrapper fusion-column-has-shadow fusion-flex-justify-content-flex-start fusion-content-layout-column\"><div class=\"fusion-title title fusion-title-1 fusion-sep-none fusion-title-center fusion-title-text fusion-title-size-one\"><h1 class=\"fusion-title-heading title-heading-center fusion-responsive-typography-calculated\" style=\"margin:0;--fontSize:64;line-height:1.1;\">D\u00e9couvrez les paysages viticoles du Pened\u00e8s<\/h1><\/div><\/div><\/div><\/div><\/div><div class=\"fusion-fullwidth fullwidth-box fusion-builder-row-2 fusion-flex-container has-pattern-background has-mask-background nonhundred-percent-fullwidth non-hundred-percent-height-scrolling\" style=\"--awb-border-radius-top-left:0px;--awb-border-radius-top-right:0px;--awb-border-radius-bottom-right:0px;--awb-border-radius-bottom-left:0px;--awb-padding-top:20px;--awb-flex-wrap:wrap;\" ><div class=\"fusion-builder-row fusion-row fusion-flex-align-items-flex-start fusion-flex-justify-content-center fusion-flex-content-wrap\" style=\"max-width:1664px;margin-left: calc(-4% \/ 2 );margin-right: calc(-4% \/ 2 );\"><div class=\"fusion-layout-column fusion_builder_column fusion-builder-column-1 fusion_builder_column_1_2 1_2 fusion-flex-column\" style=\"--awb-bg-size:cover;--awb-width-large:50%;--awb-margin-top-large:0px;--awb-spacing-right-large:3.84%;--awb-margin-bottom-large:20px;--awb-spacing-left-large:3.84%;--awb-width-medium:50%;--awb-order-medium:0;--awb-spacing-right-medium:3.84%;--awb-spacing-left-medium:3.84%;--awb-width-small:100%;--awb-order-small:0;--awb-spacing-right-small:1.92%;--awb-spacing-left-small:1.92%;\"><div class=\"fusion-column-wrapper fusion-column-has-shadow fusion-flex-justify-content-flex-start fusion-content-layout-column\"><div class=\"fusion-title title fusion-title-2 fusion-sep-none fusion-title-text fusion-title-size-three\"><h3 class=\"fusion-title-heading title-heading-left fusion-responsive-typography-calculated\" style=\"margin:0;--fontSize:32;line-height:var(--awb-typography1-line-height);\">D\u00e9couvrez le Pened\u00e8s depuis ses belv\u00e9d\u00e8res les plus embl\u00e9matiques : histoire, paysages et vignobles vous attendent. Vivez une exp\u00e9rience diff\u00e9rente et pleine d\u2019\u00e9motions.<\/h3><\/div><\/div><\/div><div class=\"fusion-layout-column fusion_builder_column fusion-builder-column-2 fusion_builder_column_1_2 1_2 fusion-flex-column\" style=\"--awb-bg-size:cover;--awb-width-large:50%;--awb-margin-top-large:0px;--awb-spacing-right-large:3.84%;--awb-margin-bottom-large:20px;--awb-spacing-left-large:3.84%;--awb-width-medium:50%;--awb-order-medium:0;--awb-spacing-right-medium:3.84%;--awb-spacing-left-medium:3.84%;--awb-width-small:100%;--awb-order-small:0;--awb-spacing-right-small:1.92%;--awb-spacing-left-small:1.92%;\"><div class=\"fusion-column-wrapper fusion-column-has-shadow fusion-flex-justify-content-flex-start fusion-content-layout-column\"><div class=\"fusion-text fusion-text-1\"><p>Nous vous proposons un voyage unique \u00e0 travers ses paysages de vignes, o\u00f9 la g\u00e9ographie, la nature et l\u2019histoire prennent vie. \u00c0 travers un itin\u00e9raire en voiture reliant les 10 belv\u00e9d\u00e8res de Miravinya, chaque halte est une fen\u00eatre sur l\u2019essence de ce terroir. Ne manquez pas cette occasion de voir le Pened\u00e8s avec des yeux diff\u00e9rents !<\/p>\n<\/div><\/div><\/div><\/div><\/div><div class=\"fusion-bg-parallax\" data-bg-align=\"center center\" data-direction=\"up\" data-mute=\"false\" data-opacity=\"100\" data-velocity=\"-0.3\" data-mobile-enabled=\"false\" data-break_parents=\"0\" data-bg-image=\"https:\/\/www.miravinya.cat\/wp-content\/uploads\/2025\/01\/miravinya_la_cadira_02-2.jpg\" data-bg-repeat=\"false\" ><\/div><div class=\"fusion-fullwidth fullwidth-box fusion-builder-row-3 fusion-flex-container has-pattern-background has-mask-background fusion-parallax-up hundred-percent-fullwidth non-hundred-percent-height-scrolling\" style=\"--awb-border-radius-top-left:0px;--awb-border-radius-top-right:0px;--awb-border-radius-bottom-right:0px;--awb-border-radius-bottom-left:0px;--awb-padding-top:200px;--awb-padding-bottom:126px;--awb-margin-top:25px;--awb-background-image:url(&quot;https:\/\/www.miravinya.cat\/wp-content\/uploads\/2025\/01\/miravinya_la_cadira_02-2.jpg&quot;);--awb-background-size:cover;--awb-flex-wrap:wrap;\" ><div class=\"fusion-builder-row fusion-row fusion-flex-align-items-flex-start fusion-flex-content-wrap\" style=\"width:104% !important;max-width:104% !important;margin-left: calc(-4% \/ 2 );margin-right: calc(-4% \/ 2 );\"><div class=\"fusion-layout-column fusion_builder_column fusion-builder-column-3 fusion_builder_column_1_1 1_1 fusion-flex-column\" style=\"--awb-bg-size:cover;--awb-width-large:100%;--awb-margin-top-large:0px;--awb-spacing-right-large:1.92%;--awb-margin-bottom-large:20px;--awb-spacing-left-large:1.92%;--awb-width-medium:100%;--awb-order-medium:0;--awb-spacing-right-medium:1.92%;--awb-spacing-left-medium:1.92%;--awb-width-small:100%;--awb-order-small:0;--awb-spacing-right-small:1.92%;--awb-spacing-left-small:1.92%;\"><div class=\"fusion-column-wrapper fusion-column-has-shadow fusion-flex-justify-content-flex-start fusion-content-layout-column\"><\/div><\/div><\/div><\/div><div class=\"fusion-fullwidth fullwidth-box fusion-builder-row-4 fusion-flex-container has-pattern-background has-mask-background nonhundred-percent-fullwidth non-hundred-percent-height-scrolling\" style=\"--awb-border-radius-top-left:0px;--awb-border-radius-top-right:0px;--awb-border-radius-bottom-right:0px;--awb-border-radius-bottom-left:0px;--awb-padding-top:0px;--awb-margin-top:50px;--awb-flex-wrap:wrap;\" ><div class=\"fusion-builder-row fusion-row fusion-flex-align-items-flex-start fusion-flex-content-wrap\" style=\"max-width:1664px;margin-left: calc(-4% \/ 2 );margin-right: calc(-4% \/ 2 );\"><div class=\"fusion-layout-column fusion_builder_column fusion-builder-column-4 fusion_builder_column_1_1 1_1 fusion-flex-column\" style=\"--awb-bg-size:cover;--awb-width-large:100%;--awb-margin-top-large:0px;--awb-spacing-right-large:1.92%;--awb-margin-bottom-large:20px;--awb-spacing-left-large:1.92%;--awb-width-medium:100%;--awb-order-medium:0;--awb-spacing-right-medium:1.92%;--awb-spacing-left-medium:1.92%;--awb-width-small:100%;--awb-order-small:0;--awb-spacing-right-small:1.92%;--awb-spacing-left-small:1.92%;\"><div class=\"fusion-column-wrapper fusion-column-has-shadow fusion-flex-justify-content-flex-start fusion-content-layout-column\"><div class=\"fusion-title title fusion-title-3 fusion-sep-none fusion-title-center fusion-title-text fusion-title-size-one\"><h1 class=\"fusion-title-heading title-heading-center fusion-responsive-typography-calculated\" style=\"margin:0;--fontSize:64;line-height:1.1;\">Itin\u00e9raire de Miravinya<\/h1><\/div><div class=\"fusion-title title fusion-title-4 fusion-sep-none fusion-title-center fusion-title-text fusion-title-size-five\"><h5 class=\"fusion-title-heading title-heading-center fusion-responsive-typography-calculated\" style=\"margin:0;--fontSize:20;--minFontSize:20;line-height:var(--awb-typography1-line-height);\"><p>Explorez les paysages du Pened\u00e8s et laissez-vous surprendre par une exp\u00e9rience unique.<br \/>\nVous perdre parmi eux fera aussi partie de l\u2019aventure!<\/p><\/h5><\/div><\/div><\/div><\/div><\/div><div class=\"fusion-fullwidth fullwidth-box fusion-builder-row-5 fusion-flex-container has-pattern-background has-mask-background nonhundred-percent-fullwidth non-hundred-percent-height-scrolling\" style=\"--awb-border-radius-top-left:0px;--awb-border-radius-top-right:0px;--awb-border-radius-bottom-right:0px;--awb-border-radius-bottom-left:0px;--awb-flex-wrap:wrap;\" ><div class=\"fusion-builder-row fusion-row fusion-flex-align-items-flex-start fusion-flex-justify-content-center fusion-flex-content-wrap\" style=\"max-width:1664px;margin-left: calc(-4% \/ 2 );margin-right: calc(-4% \/ 2 );\"><div class=\"fusion-layout-column fusion_builder_column fusion-builder-column-5 fusion_builder_column_1_1 1_1 fusion-flex-column\" style=\"--awb-bg-size:cover;--awb-width-large:100%;--awb-margin-top-large:0px;--awb-spacing-right-large:1.92%;--awb-margin-bottom-large:20px;--awb-spacing-left-large:1.92%;--awb-width-medium:100%;--awb-order-medium:0;--awb-spacing-right-medium:1.92%;--awb-spacing-left-medium:1.92%;--awb-width-small:100%;--awb-order-small:0;--awb-spacing-right-small:1.92%;--awb-spacing-left-small:1.92%;\"><div class=\"fusion-column-wrapper fusion-column-has-shadow fusion-flex-justify-content-center fusion-content-layout-row\"><div class=\"fusion-text fusion-text-2 mir-w100\"><div class=\"mir-itinerari\"><div class=\"mir-itinerari-punt\"><a href=\"https:\/\/www.miravinya.cat\/fr\/mirador\/miravinya-ermita-de-sant-elies\"><img decoding=\"async\" src=\"https:\/\/www.miravinya.cat\/wp-content\/uploads\/2025\/01\/ermita_sant_elies_punt.svg\" alt=\"$title\" \/><div class=\"mir-itinerari-content\"><div class=\"mir-itinerari-title\">Miravinya Chapelle de Sant Elies<\/div>Mediona<\/div><\/a><\/div><div class=\"mir-itinerari-punt\"><a href=\"https:\/\/www.miravinya.cat\/fr\/mirador\/miravinya-la-cadira\"><img decoding=\"async\" src=\"https:\/\/www.miravinya.cat\/wp-content\/uploads\/2025\/01\/la_cadira_punt.png.svg\" alt=\"$title\" \/><div class=\"mir-itinerari-content\"><div class=\"mir-itinerari-title\">Miravinya La Chaise<\/div>Torrelavit<\/div><\/a><\/div><div class=\"mir-itinerari-punt\"><a href=\"https:\/\/www.miravinya.cat\/fr\/mirador\/miravinya-la-miranda-despiells\"><img decoding=\"async\" src=\"https:\/\/www.miravinya.cat\/wp-content\/uploads\/2025\/01\/miranda_punt.png.svg\" alt=\"$title\" \/><div class=\"mir-itinerari-content\"><div class=\"mir-itinerari-title\">Miravinya La Miranda d\u2019Espiells<\/div>Sant Sadurn\u00ed d'Anoia<\/div><\/a><\/div><div class=\"mir-itinerari-punt\"><a href=\"https:\/\/www.miravinya.cat\/fr\/mirador\/miravinya-la-bardera\"><img decoding=\"async\" src=\"https:\/\/www.miravinya.cat\/wp-content\/uploads\/2025\/01\/la_bardera_punt.svg\" alt=\"$title\" \/><div class=\"mir-itinerari-content\"><div class=\"mir-itinerari-title\">Miravinya La Bardera<\/div>Subirats<\/div><\/a><\/div><div class=\"mir-itinerari-punt\"><a href=\"https:\/\/www.miravinya.cat\/fr\/mirador\/miravinya-el-circell\"><img decoding=\"async\" src=\"https:\/\/www.miravinya.cat\/wp-content\/uploads\/2025\/01\/el_circell-punt.svg\" alt=\"$title\" \/><div class=\"mir-itinerari-content\"><div class=\"mir-itinerari-title\">Miravinya La Vrille<\/div>Avinyonet del Pened\u00e8s<\/div><\/a><\/div><div class=\"mir-itinerari-punt\"><a href=\"https:\/\/www.miravinya.cat\/fr\/mirador\/miravinya-sant-pau\"><img decoding=\"async\" src=\"https:\/\/www.miravinya.cat\/wp-content\/uploads\/2025\/01\/sant_pau_punt.png.svg\" alt=\"$title\" \/><div class=\"mir-itinerari-content\"><div class=\"mir-itinerari-title\">Miravinya Sant Pau<\/div>Vilafranca del Pened\u00e8s<\/div><\/a><\/div><div class=\"mir-itinerari-punt\"><a href=\"https:\/\/www.miravinya.cat\/fr\/mirador\/miravinya-moebius\"><img decoding=\"async\" src=\"https:\/\/www.miravinya.cat\/wp-content\/uploads\/2025\/01\/moebius_punt.png.svg\" alt=\"$title\" \/><div class=\"mir-itinerari-content\"><div class=\"mir-itinerari-title\">Miravinya M\u00f6ebius<\/div>Castellet i la Gornal<\/div><\/a><\/div><div class=\"mir-itinerari-punt\"><a href=\"https:\/\/www.miravinya.cat\/fr\/mirador\/miravinya-el-castellot\"><img decoding=\"async\" src=\"https:\/\/www.miravinya.cat\/wp-content\/uploads\/2025\/01\/castellot_punt.svg\" alt=\"$title\" \/><div class=\"mir-itinerari-content\"><div class=\"mir-itinerari-title\">Miravinya El Castellot<\/div>Castellv\u00ed de la Marca<\/div><\/a><\/div><div class=\"mir-itinerari-punt\"><a href=\"https:\/\/www.miravinya.cat\/fr\/mirador\/miravinya-santuari-de-foix\"><img decoding=\"async\" src=\"https:\/\/www.miravinya.cat\/wp-content\/uploads\/2025\/01\/el_circell-punt.svg\" alt=\"$title\" \/><div class=\"mir-itinerari-content\"><div class=\"mir-itinerari-title\">Miravinya Sanctuaire de Foix<\/div><\/div><\/a><\/div><div class=\"mir-itinerari-punt\"><a href=\"https:\/\/www.miravinya.cat\/fr\/mirador\/miravinya-balco-del-penedes\"><img decoding=\"async\" src=\"https:\/\/www.miravinya.cat\/wp-content\/uploads\/2025\/01\/balco_penedes.svg.png\" alt=\"$title\" \/><div class=\"mir-itinerari-content\"><div class=\"mir-itinerari-title\">Miravinya Balcon du Pened\u00e8s<\/div>Font-rub\u00ed<\/div><\/a><\/div><\/div>\n<\/div><\/div><\/div><\/div><\/div><div class=\"fusion-fullwidth fullwidth-box fusion-builder-row-6 fusion-flex-container has-pattern-background has-mask-background nonhundred-percent-fullwidth non-hundred-percent-height-scrolling\" style=\"--awb-border-radius-top-left:0px;--awb-border-radius-top-right:0px;--awb-border-radius-bottom-right:0px;--awb-border-radius-bottom-left:0px;--awb-padding-top:60px;--awb-flex-wrap:wrap;\" ><div class=\"fusion-builder-row fusion-row fusion-flex-align-items-flex-start fusion-flex-content-wrap\" style=\"max-width:1664px;margin-left: calc(-4% \/ 2 );margin-right: calc(-4% \/ 2 );\"><div class=\"fusion-layout-column fusion_builder_column fusion-builder-column-6 fusion_builder_column_1_2 1_2 fusion-flex-column fusion-flex-align-self-stretch\" style=\"--awb-bg-size:cover;--awb-width-large:50%;--awb-margin-top-large:0px;--awb-spacing-right-large:3.84%;--awb-margin-bottom-large:20px;--awb-spacing-left-large:3.84%;--awb-width-medium:50%;--awb-order-medium:0;--awb-spacing-right-medium:3.84%;--awb-spacing-left-medium:3.84%;--awb-width-small:100%;--awb-order-small:0;--awb-spacing-right-small:1.92%;--awb-spacing-left-small:1.92%;\"><div class=\"fusion-column-wrapper fusion-column-has-shadow fusion-flex-justify-content-center fusion-content-layout-column\"><div class=\"fusion-text fusion-text-3\"><h2 class=\"p1\" style=\"text-align: center;\">D\u00e9couvrez bien plus encore!<\/h2>\n<p class=\"p2\" style=\"text-align: center;\">Faite une \u00e9tape \u00e0 chaque belv\u00e9d\u00e8re et d\u00e9couvrez tous ses secrets gr\u00e2ce \u00e0 l\u2019audioguide disponible sur notre site internet.<\/p>\n<\/div><\/div><\/div><div class=\"fusion-layout-column fusion_builder_column fusion-builder-column-7 fusion_builder_column_1_2 1_2 fusion-flex-column\" style=\"--awb-bg-size:cover;--awb-width-large:50%;--awb-margin-top-large:0px;--awb-spacing-right-large:3.84%;--awb-margin-bottom-large:20px;--awb-spacing-left-large:3.84%;--awb-width-medium:50%;--awb-order-medium:0;--awb-spacing-right-medium:3.84%;--awb-spacing-left-medium:3.84%;--awb-width-small:100%;--awb-order-small:0;--awb-spacing-right-small:1.92%;--awb-spacing-left-small:1.92%;\"><div class=\"fusion-column-wrapper fusion-column-has-shadow fusion-flex-justify-content-flex-start fusion-content-layout-column\"><div class=\"fusion-image-element \" style=\"--awb-caption-title-font-family:var(--h2_typography-font-family);--awb-caption-title-font-weight:var(--h2_typography-font-weight);--awb-caption-title-font-style:var(--h2_typography-font-style);--awb-caption-title-size:var(--h2_typography-font-size);--awb-caption-title-transform:var(--h2_typography-text-transform);--awb-caption-title-line-height:var(--h2_typography-line-height);--awb-caption-title-letter-spacing:var(--h2_typography-letter-spacing);\"><span class=\" fusion-imageframe imageframe-none imageframe-1 hover-type-none\"><img decoding=\"async\" width=\"750\" height=\"496\" title=\"descobreix_mes_ilustracion\" src=\"https:\/\/www.miravinya.cat\/wp-content\/uploads\/2025\/01\/descobreix_mes_ilustracion-1.svg\" alt class=\"img-responsive wp-image-919\"\/><\/span><\/div><\/div><\/div><\/div><\/div><\/p>\n","protected":false},"excerpt":{"rendered":"","protected":false},"author":1,"featured_media":0,"parent":0,"menu_order":0,"comment_status":"closed","ping_status":"open","template":"100-width.php","meta":{"footnotes":""},"class_list":["post-1257","page","type-page","status-publish","hentry"],"acf":[],"yoast_head":"<!-- This site is optimized with the Yoast SEO plugin v24.5 - https:\/\/yoast.com\/wordpress\/plugins\/seo\/ -->\n<title>Accueil - Miravinya<\/title>\n<meta name=\"robots\" content=\"index, follow, max-snippet:-1, max-image-preview:large, max-video-preview:-1\" \/>\n<link rel=\"canonical\" href=\"https:\/\/www.miravinya.cat\/fr\" \/>\n<meta property=\"og:locale\" content=\"fr_FR\" \/>\n<meta property=\"og:type\" content=\"article\" \/>\n<meta property=\"og:title\" content=\"Accueil - Miravinya\" \/>\n<meta property=\"og:url\" content=\"https:\/\/www.miravinya.cat\/fr\" \/>\n<meta property=\"og:site_name\" content=\"Miravinya\" \/>\n<meta property=\"article:publisher\" content=\"https:\/\/www.facebook.com\/penedesturisme\/\" \/>\n<meta property=\"article:modified_time\" content=\"2025-02-03T11:02:50+00:00\" \/>\n<meta name=\"twitter:card\" content=\"summary_large_image\" \/>\n<meta name=\"twitter:site\" content=\"@penedesturisme\" \/>\n<meta name=\"twitter:label1\" content=\"Dur\u00e9e de lecture estim\u00e9e\" \/>\n\t<meta name=\"twitter:data1\" content=\"22 minutes\" \/>\n<script type=\"application\/ld+json\" class=\"yoast-schema-graph\">{\"@context\":\"https:\/\/schema.org\",\"@graph\":[{\"@type\":\"WebPage\",\"@id\":\"https:\/\/www.miravinya.cat\/fr\",\"url\":\"https:\/\/www.miravinya.cat\/fr\",\"name\":\"Accueil - Miravinya\",\"isPartOf\":{\"@id\":\"https:\/\/www.miravinya.cat\/#website\"},\"datePublished\":\"2025-01-03T14:28:49+00:00\",\"dateModified\":\"2025-02-03T11:02:50+00:00\",\"breadcrumb\":{\"@id\":\"https:\/\/www.miravinya.cat\/fr#breadcrumb\"},\"inLanguage\":\"fr-FR\",\"potentialAction\":[{\"@type\":\"ReadAction\",\"target\":[\"https:\/\/www.miravinya.cat\/fr\"]}]},{\"@type\":\"BreadcrumbList\",\"@id\":\"https:\/\/www.miravinya.cat\/fr#breadcrumb\",\"itemListElement\":[{\"@type\":\"ListItem\",\"position\":1,\"name\":\"Inici\",\"item\":\"https:\/\/www.miravinya.cat\/fr\"},{\"@type\":\"ListItem\",\"position\":2,\"name\":\"Accueil\"}]},{\"@type\":\"WebSite\",\"@id\":\"https:\/\/www.miravinya.cat\/#website\",\"url\":\"https:\/\/www.miravinya.cat\/\",\"name\":\"Miravinya - Pened\u00e8s Turisme\",\"description\":\"\",\"publisher\":{\"@id\":\"https:\/\/www.miravinya.cat\/#organization\"},\"potentialAction\":[{\"@type\":\"SearchAction\",\"target\":{\"@type\":\"EntryPoint\",\"urlTemplate\":\"https:\/\/www.miravinya.cat\/?s={search_term_string}\"},\"query-input\":{\"@type\":\"PropertyValueSpecification\",\"valueRequired\":true,\"valueName\":\"search_term_string\"}}],\"inLanguage\":\"fr-FR\"},{\"@type\":\"Organization\",\"@id\":\"https:\/\/www.miravinya.cat\/#organization\",\"name\":\"Miravinya - Pened\u00e8s Turisme\",\"url\":\"https:\/\/www.miravinya.cat\/\",\"logo\":{\"@type\":\"ImageObject\",\"inLanguage\":\"fr-FR\",\"@id\":\"https:\/\/www.miravinya.cat\/#\/schema\/logo\/image\/\",\"url\":\"https:\/\/www.miravinya.cat\/wp-content\/uploads\/2025\/01\/logo_miravinya_negre_menu.svg\",\"contentUrl\":\"https:\/\/www.miravinya.cat\/wp-content\/uploads\/2025\/01\/logo_miravinya_negre_menu.svg\",\"width\":295,\"height\":85,\"caption\":\"Miravinya - Pened\u00e8s Turisme\"},\"image\":{\"@id\":\"https:\/\/www.miravinya.cat\/#\/schema\/logo\/image\/\"},\"sameAs\":[\"https:\/\/www.facebook.com\/penedesturisme\/\",\"https:\/\/x.com\/penedesturisme\",\"https:\/\/www.instagram.com\/penedesturisme\/\",\"https:\/\/www.youtube.com\/channel\/UCIorBt69xizZaF8GrBJ7P1A\"]}]}<\/script>\n<!-- \/ Yoast SEO plugin. -->","yoast_head_json":{"title":"Accueil - Miravinya","robots":{"index":"index","follow":"follow","max-snippet":"max-snippet:-1","max-image-preview":"max-image-preview:large","max-video-preview":"max-video-preview:-1"},"canonical":"https:\/\/www.miravinya.cat\/fr","og_locale":"fr_FR","og_type":"article","og_title":"Accueil - Miravinya","og_url":"https:\/\/www.miravinya.cat\/fr","og_site_name":"Miravinya","article_publisher":"https:\/\/www.facebook.com\/penedesturisme\/","article_modified_time":"2025-02-03T11:02:50+00:00","twitter_card":"summary_large_image","twitter_site":"@penedesturisme","twitter_misc":{"Dur\u00e9e de lecture estim\u00e9e":"22 minutes"},"schema":{"@context":"https:\/\/schema.org","@graph":[{"@type":"WebPage","@id":"https:\/\/www.miravinya.cat\/fr","url":"https:\/\/www.miravinya.cat\/fr","name":"Accueil - Miravinya","isPartOf":{"@id":"https:\/\/www.miravinya.cat\/#website"},"datePublished":"2025-01-03T14:28:49+00:00","dateModified":"2025-02-03T11:02:50+00:00","breadcrumb":{"@id":"https:\/\/www.miravinya.cat\/fr#breadcrumb"},"inLanguage":"fr-FR","potentialAction":[{"@type":"ReadAction","target":["https:\/\/www.miravinya.cat\/fr"]}]},{"@type":"BreadcrumbList","@id":"https:\/\/www.miravinya.cat\/fr#breadcrumb","itemListElement":[{"@type":"ListItem","position":1,"name":"Inici","item":"https:\/\/www.miravinya.cat\/fr"},{"@type":"ListItem","position":2,"name":"Accueil"}]},{"@type":"WebSite","@id":"https:\/\/www.miravinya.cat\/#website","url":"https:\/\/www.miravinya.cat\/","name":"Miravinya - Pened\u00e8s Turisme","description":"","publisher":{"@id":"https:\/\/www.miravinya.cat\/#organization"},"potentialAction":[{"@type":"SearchAction","target":{"@type":"EntryPoint","urlTemplate":"https:\/\/www.miravinya.cat\/?s={search_term_string}"},"query-input":{"@type":"PropertyValueSpecification","valueRequired":true,"valueName":"search_term_string"}}],"inLanguage":"fr-FR"},{"@type":"Organization","@id":"https:\/\/www.miravinya.cat\/#organization","name":"Miravinya - Pened\u00e8s Turisme","url":"https:\/\/www.miravinya.cat\/","logo":{"@type":"ImageObject","inLanguage":"fr-FR","@id":"https:\/\/www.miravinya.cat\/#\/schema\/logo\/image\/","url":"https:\/\/www.miravinya.cat\/wp-content\/uploads\/2025\/01\/logo_miravinya_negre_menu.svg","contentUrl":"https:\/\/www.miravinya.cat\/wp-content\/uploads\/2025\/01\/logo_miravinya_negre_menu.svg","width":295,"height":85,"caption":"Miravinya - Pened\u00e8s Turisme"},"image":{"@id":"https:\/\/www.miravinya.cat\/#\/schema\/logo\/image\/"},"sameAs":["https:\/\/www.facebook.com\/penedesturisme\/","https:\/\/x.com\/penedesturisme","https:\/\/www.instagram.com\/penedesturisme\/","https:\/\/www.youtube.com\/channel\/UCIorBt69xizZaF8GrBJ7P1A"]}]}},"_links":{"self":[{"href":"https:\/\/www.miravinya.cat\/fr\/wp-json\/wp\/v2\/pages\/1257","targetHints":{"allow":["GET"]}}],"collection":[{"href":"https:\/\/www.miravinya.cat\/fr\/wp-json\/wp\/v2\/pages"}],"about":[{"href":"https:\/\/www.miravinya.cat\/fr\/wp-json\/wp\/v2\/types\/page"}],"author":[{"embeddable":true,"href":"https:\/\/www.miravinya.cat\/fr\/wp-json\/wp\/v2\/users\/1"}],"replies":[{"embeddable":true,"href":"https:\/\/www.miravinya.cat\/fr\/wp-json\/wp\/v2\/comments?post=1257"}],"version-history":[{"count":3,"href":"https:\/\/www.miravinya.cat\/fr\/wp-json\/wp\/v2\/pages\/1257\/revisions"}],"predecessor-version":[{"id":1431,"href":"https:\/\/www.miravinya.cat\/fr\/wp-json\/wp\/v2\/pages\/1257\/revisions\/1431"}],"wp:attachment":[{"href":"https:\/\/www.miravinya.cat\/fr\/wp-json\/wp\/v2\/media?parent=1257"}],"curies":[{"name":"wp","href":"https:\/\/api.w.org\/{rel}","templated":true}]}}